{"id":2,"date":"2021-12-30T20:18:42","date_gmt":"2021-12-30T19:18:42","guid":{"rendered":"http:\/\/vigilance-citoyenne.lu\/?page_id=2"},"modified":"2024-11-17T22:23:23","modified_gmt":"2024-11-17T21:23:23","slug":"page-d-exemple","status":"publish","type":"page","link":"https:\/\/vigilance-citoyenne.lu\/lb-lu\/page-d-exemple\/","title":{"rendered":"A propos de nous"},"content":{"rendered":"\n<p>Fond\u00e9e sur le constat que nos gouvernants poussent un agenda au m\u00e9pris des int\u00e9r\u00eats de leur peuple, notre association r\u00e9unit des citoyens de tous horizons, soucieux de peser sur le cours des choses.<\/p>\n\n\n\n<p>Elle a pour objectif de :<br>\u2013 partager une analyse \u00e9clair\u00e9e de l\u2019actualit\u00e9<br>\u2013 proposer une autre perspective que celle qui nous est de plus en plus impos\u00e9e<br>\u2013 interpeller les acteurs de la soci\u00e9t\u00e9<br>\u2013 rassembler et animer les forces vives pr\u00eates \u00e0 dessiner et construire une alternative durable, donc fond\u00e9e sur des bases d\u2019\u00e9coute, de respect et d\u2019entraide<\/p>\n","protected":false},"excerpt":{"rendered":"<p>Fond\u00e9e sur le constat que nos gouvernants poussent un agenda au m\u00e9pris des int\u00e9r\u00eats de leur peuple, notre association r\u00e9unit des citoyens de tous horizons, soucieux de peser sur le cours des choses. Elle a pour objectif de :\u2013 partager une analyse \u00e9clair\u00e9e de l\u2019actualit\u00e9\u2013 proposer une autre perspective que celle qui nous est de &hellip;<\/p>\n<p class=\"read-more\"> <a class=\"\" href=\"https:\/\/vigilance-citoyenne.lu\/lb-lu\/page-d-exemple\/\"> <span class=\"screen-reader-text\">A propos de nous<\/span> Read More &raquo;<\/a><\/p>\n","protected":false},"author":1,"featured_media":0,"parent":0,"menu_order":0,"comment_status":"closed","ping_status":"open","template":"","meta":{"_uag_custom_page_level_css":"","site-sidebar-layout":"default","site-content-layout":"default","ast-global-header-display":"","ast-banner-title-visibility":"","ast-main-header-display":"","ast-hfb-above-header-display":"","ast-hfb-below-header-display":"","ast-hfb-mobile-header-display":"","site-post-title":"","ast-breadcrumbs-content":"","ast-featured-img":"","footer-sml-layout":"","theme-transparent-header-meta":"","adv-header-id-meta":"","stick-header-meta":"","header-above-stick-meta":"","header-main-stick-meta":"","header-below-stick-meta":"","footnotes":""},"class_list":["post-2","page","type-page","status-publish","hentry"],"aioseo_notices":[],"uagb_featured_image_src":{"full":false,"thumbnail":false,"medium":false,"medium_large":false,"large":false,"xl":false,"xxl":false,"xxxl":false,"xxxxl":false,"xxxxxl":false,"1536x1536":false,"2048x2048":false,"mailpoet_newsletter_max":false},"uagb_author_info":{"display_name":"admin4948","author_link":"https:\/\/vigilance-citoyenne.lu\/lb-lu\/author\/admin4948\/"},"uagb_comment_info":0,"uagb_excerpt":"Fond\u00e9e sur le constat que nos gouvernants poussent un agenda au m\u00e9pris des int\u00e9r\u00eats de leur peuple, notre association r\u00e9unit des citoyens de tous horizons, soucieux de peser sur le cours des choses. Elle a pour objectif de :\u2013 partager une analyse \u00e9clair\u00e9e de l\u2019actualit\u00e9\u2013 proposer une autre perspective que celle qui nous est de&hellip;","_links":{"self":[{"href":"https:\/\/vigilance-citoyenne.lu\/lb-lu\/wp-json\/wp\/v2\/pages\/2","targetHints":{"allow":["GET"]}}],"collection":[{"href":"https:\/\/vigilance-citoyenne.lu\/lb-lu\/wp-json\/wp\/v2\/pages"}],"about":[{"href":"https:\/\/vigilance-citoyenne.lu\/lb-lu\/wp-json\/wp\/v2\/types\/page"}],"author":[{"embeddable":true,"href":"https:\/\/vigilance-citoyenne.lu\/lb-lu\/wp-json\/wp\/v2\/users\/1"}],"replies":[{"embeddable":true,"href":"https:\/\/vigilance-citoyenne.lu\/lb-lu\/wp-json\/wp\/v2\/comments?post=2"}],"version-history":[{"count":3,"href":"https:\/\/vigilance-citoyenne.lu\/lb-lu\/wp-json\/wp\/v2\/pages\/2\/revisions"}],"predecessor-version":[{"id":871,"href":"https:\/\/vigilance-citoyenne.lu\/lb-lu\/wp-json\/wp\/v2\/pages\/2\/revisions\/871"}],"wp:attachment":[{"href":"https:\/\/vigilance-citoyenne.lu\/lb-lu\/wp-json\/wp\/v2\/media?parent=2"}],"curies":[{"name":"wp","href":"https:\/\/api.w.org\/{rel}","templated":true}]}}