{"id":18,"date":"2022-01-03T22:35:53","date_gmt":"2022-01-03T21:35:53","guid":{"rendered":"http:\/\/vigilance-citoyenne.lu\/?page_id=18"},"modified":"2022-03-06T23:16:05","modified_gmt":"2022-03-06T22:16:05","slug":"nous-rejoindre","status":"publish","type":"page","link":"https:\/\/vigilance-citoyenne.lu\/lb-lu\/nous-rejoindre\/","title":{"rendered":"Nous rejoindre"},"content":{"rendered":"\n<p>Notre association a pour but ultime de &#8220;mettre le gens debout&#8221;. C&#8217;est pourquoi nous pr\u00e9f\u00e9rons les membres qui s&#8217;investissent.<\/p>\n\n\n\n<p>Si vous n&#8217;\u00eates toutefois pas en mesure de consacrer du temps \u00e0 notre objectif, vos dons sont les bienvenus pour nous permettre de financer nos activit\u00e9s.<\/p>\n\n\n\n<p>Les dons et cotisations peuvent s&#8217;effectuer par virement sur le compte suivant&nbsp;:<\/p>\n\n\n\n<p class=\"has-text-align-center\">VIGILANCE CITOYENNE ASBL<br>LU42 0019 7055 1294 8000 (BCEE LULL)<\/p>\n\n\n\n<p>Pour vous inscrire ou juste nous contacter, veuillez utiliser le formulaire ci-dessous&nbsp;:<\/p>\n\n\n\n<div class=\"wp-block-uagb-forms uagb-forms__outer-wrap uagb-block-b22e1a94 uagb-forms__medium-btn\"><form class=\"uagb-forms-main-form\" method=\"post\" name=\"uagb-form-b22e1a94\">\n<div class=\"wp-block-uagb-forms-name uagb-forms-name-wrap uagb-forms-field-set uagb-block-83bf6005\"><div class=\"uagb-forms-name-label obligatoire uagb-forms-input-label\" id=\"83bf6005\">Pr\u00e9nom<\/div><input type=\"text\" placeholder=\"\" required class=\"uagb-forms-name-input uagb-forms-input\" name=\"83bf6005\"\/><\/div>\n\n\n\n<div class=\"wp-block-uagb-forms-name uagb-forms-name-wrap uagb-forms-field-set uagb-block-2b818fa1\"><div class=\"uagb-forms-name-label obligatoire uagb-forms-input-label\" id=\"2b818fa1\">Nom de famille<\/div><input type=\"text\" placeholder=\"\" required class=\"uagb-forms-name-input uagb-forms-input\" name=\"2b818fa1\"\/><\/div>\n\n\n\n<div class=\"wp-block-uagb-forms-email uagb-forms-email-wrap uagb-forms-field-set uagb-block-d2c68d4c\"><div class=\"uagb-forms-email-label obligatoire uagb-forms-input-label\" id=\"d2c68d4c\">E-mail<\/div><input type=\"email\" class=\"uagb-forms-email-input uagb-forms-input\" placeholder=\"exemple@mail.com\" required name=\"d2c68d4c\"\/><\/div>\n\n\n\n<div class=\"wp-block-uagb-forms-checkbox uagb-forms-checkbox-wrap uagb-forms-field-set uagb-block-8e3439f6\"><div class=\"uagb-forms-checkbox-label  uagb-forms-input-label\" id=\"8e3439f6\">Mon mode de participation<\/div><input type=\"checkbox\" class=\"uagb-forms-checkbox\" id=\"checkbox-je-veux-m'investir-dans-l'association-8e3439f6\" name=\"Mon mode de participation[]\" value=\"Je veux m'investir dans l'association\" oninvalid=\"this.setCustomValidity('Please check this box if you want to proceed.')\"\/><label for=\"checkbox-je-veux-m'investir-dans-l'association-8e3439f6\">Je veux m&#8217;investir dans l&#8217;association<\/label><br\/><input type=\"checkbox\" class=\"uagb-forms-checkbox\" id=\"checkbox-je-veux-vous-soutenir-financi\u00e8rement-8e3439f6\" name=\"Mon mode de participation[]\" value=\"Je veux vous soutenir financi\u00e8rement\" oninvalid=\"this.setCustomValidity('Please check this box if you want to proceed.')\"\/><label for=\"checkbox-je-veux-vous-soutenir-financi\u00e8rement-8e3439f6\">Je veux vous soutenir financi\u00e8rement<\/label><br\/><\/div>\n\n\n\n<div class=\"wp-block-uagb-forms-textarea uagb-forms-textarea-wrap uagb-forms-field-set uagb-block-50a3a646\"><div class=\"uagb-forms-textarea-label obligatoire uagb-forms-input-label\" id=\"50a3a646\">Message<\/div><textarea required class=\"uagb-forms-textarea-input uagb-forms-input\" rows=\"4\" placeholder=\"Saisissez votre message\" name=\"50a3a646\"><\/textarea><\/div>\n<div class=\"uagb-forms-form-hidden-data\"><input type=\"hidden\" id=\"g-recaptcha-response\" class=\"uagb-forms-recaptcha\"\/><input type=\"hidden\" class=\"uagb_forms_form_label\" value=\"Formulaire UAG\"\/><input type=\"hidden\" class=\"uagb_forms_form_id\" value=\"uagb-form-b22e1a94\"\/><\/div><div class=\"g-recaptcha uagb-forms-field-set\" data-sitekey=\"6Ld9B-sdAAAAADuaZFrtR15cti4_3K6JAnPRtLfS\"><\/div><div class=\"uagb-form-reacaptcha-error-b22e1a94\"><\/div><div class=\"uagb-forms-main-submit-button-wrap\"><button class=\"uagb-forms-main-submit-button\"><div class=\"uagb-forms-main-submit-button-text\">Envoyer<\/div><\/button><\/div><\/form><div class=\"uagb-forms-success-message-b22e1a94 uagb-forms-submit-message-hide\"><span>Le formulaire a bien \u00e9t\u00e9 envoy\u00e9\u00a0!<\/span><\/div><div class=\"uagb-forms-failed-message-b22e1a94 uagb-forms-submit-message-hide\"><span>Une erreur s\u2019est produite lors de l\u2019envoi du formulaire. Veuillez v\u00e9rifier \u00e0 nouveau tous les champs du formulaire.<\/span><\/div><\/div>\n","protected":false},"excerpt":{"rendered":"<p>Notre association a pour but ultime de &#8220;mettre le gens debout&#8221;. C&#8217;est pourquoi nous pr\u00e9f\u00e9rons les membres qui s&#8217;investissent. Si vous n&#8217;\u00eates toutefois pas en mesure de consacrer du temps \u00e0 notre objectif, vos dons sont les bienvenus pour nous permettre de financer nos activit\u00e9s. Les dons et cotisations peuvent s&#8217;effectuer par virement sur le &hellip;<\/p>\n<p class=\"read-more\"> <a class=\"\" href=\"https:\/\/vigilance-citoyenne.lu\/lb-lu\/nous-rejoindre\/\"> <span class=\"screen-reader-text\">Nous rejoindre<\/span> Read More &raquo;<\/a><\/p>\n","protected":false},"author":2,"featured_media":0,"parent":0,"menu_order":0,"comment_status":"closed","ping_status":"closed","template":"","meta":{"_uag_custom_page_level_css":"","site-sidebar-layout":"default","site-content-layout":"default","ast-global-header-display":"","ast-banner-title-visibility":"","ast-main-header-display":"","ast-hfb-above-header-display":"","ast-hfb-below-header-display":"","ast-hfb-mobile-header-display":"","site-post-title":"","ast-breadcrumbs-content":"","ast-featured-img":"","footer-sml-layout":"","theme-transparent-header-meta":"","adv-header-id-meta":"","stick-header-meta":"","header-above-stick-meta":"","header-main-stick-meta":"","header-below-stick-meta":"","footnotes":""},"class_list":["post-18","page","type-page","status-publish","hentry"],"aioseo_notices":[],"uagb_featured_image_src":{"full":false,"thumbnail":false,"medium":false,"medium_large":false,"large":false,"xl":false,"xxl":false,"xxxl":false,"xxxxl":false,"xxxxxl":false,"1536x1536":false,"2048x2048":false,"mailpoet_newsletter_max":false},"uagb_author_info":{"display_name":"Noam Klein","author_link":"https:\/\/vigilance-citoyenne.lu\/lb-lu\/author\/noam\/"},"uagb_comment_info":0,"uagb_excerpt":"Notre association a pour but ultime de &#8220;mettre le gens debout&#8221;. C&#8217;est pourquoi nous pr\u00e9f\u00e9rons les membres qui s&#8217;investissent. Si vous n&#8217;\u00eates toutefois pas en mesure de consacrer du temps \u00e0 notre objectif, vos dons sont les bienvenus pour nous permettre de financer nos activit\u00e9s. Les dons et cotisations peuvent s&#8217;effectuer par virement sur le&hellip;","_links":{"self":[{"href":"https:\/\/vigilance-citoyenne.lu\/lb-lu\/wp-json\/wp\/v2\/pages\/18","targetHints":{"allow":["GET"]}}],"collection":[{"href":"https:\/\/vigilance-citoyenne.lu\/lb-lu\/wp-json\/wp\/v2\/pages"}],"about":[{"href":"https:\/\/vigilance-citoyenne.lu\/lb-lu\/wp-json\/wp\/v2\/types\/page"}],"author":[{"embeddable":true,"href":"https:\/\/vigilance-citoyenne.lu\/lb-lu\/wp-json\/wp\/v2\/users\/2"}],"replies":[{"embeddable":true,"href":"https:\/\/vigilance-citoyenne.lu\/lb-lu\/wp-json\/wp\/v2\/comments?post=18"}],"version-history":[{"count":14,"href":"https:\/\/vigilance-citoyenne.lu\/lb-lu\/wp-json\/wp\/v2\/pages\/18\/revisions"}],"predecessor-version":[{"id":608,"href":"https:\/\/vigilance-citoyenne.lu\/lb-lu\/wp-json\/wp\/v2\/pages\/18\/revisions\/608"}],"wp:attachment":[{"href":"https:\/\/vigilance-citoyenne.lu\/lb-lu\/wp-json\/wp\/v2\/media?parent=18"}],"curies":[{"name":"wp","href":"https:\/\/api.w.org\/{rel}","templated":true}]}}