{"id":600,"date":"2022-01-03T22:35:53","date_gmt":"2022-01-03T21:35:53","guid":{"rendered":"https:\/\/vigilance-citoyenne.lu\/join-us\/"},"modified":"2022-03-06T23:17:50","modified_gmt":"2022-03-06T22:17:50","slug":"join-us","status":"publish","type":"page","link":"https:\/\/vigilance-citoyenne.lu\/en\/join-us\/","title":{"rendered":"Join us"},"content":{"rendered":"\n<p>Our association has the ultimate goal of &#8220;putting people on their feet&#8221;. This is why we prefer members who become invested in delivering our mission.<\/p>\n\n<p>However, if you are unable to devote time to our objective, your donations are welcome to enable us to finance our activities.<\/p>\n\n<p>Donations and contributions can be made by wire transfer to the following account:<\/p>\n\n<p class=\"has-text-align-center\">VIGILANCE CITOYENNE ASBL<br\/>LU42 0019 7055 1294 8000 (BCEE LULL)<\/p>\n\n<p>To register or just contact us, please use the form below:<\/p>\n\n<div class=\"wp-block-uagb-forms uagb-forms__outer-wrap uagb-block-b22e1a94 uagb-forms__medium-btn\"><form class=\"uagb-forms-main-form\" method=\"post\" name=\"uagb-form-b22e1a94\">\n<div class=\"wp-block-uagb-forms-name uagb-forms-name-wrap uagb-forms-field-set uagb-block-83bf6005\"><div class=\"uagb-forms-name-label obligatoire uagb-forms-input-label\" id=\"83bf6005\">First name<\/div><input type=\"text\" placeholder=\"\" required=\"\" class=\"uagb-forms-name-input uagb-forms-input\" name=\"83bf6005\"><\/div>\n\n\n\n<div class=\"wp-block-uagb-forms-name uagb-forms-name-wrap uagb-forms-field-set uagb-block-2b818fa1\"><div class=\"uagb-forms-name-label obligatoire uagb-forms-input-label\" id=\"2b818fa1\">Last name<\/div><input type=\"text\" placeholder=\"\" required=\"\" class=\"uagb-forms-name-input uagb-forms-input\" name=\"2b818fa1\"><\/div>\n\n\n\n<div class=\"wp-block-uagb-forms-email uagb-forms-email-wrap uagb-forms-field-set uagb-block-d2c68d4c\"><div class=\"uagb-forms-email-label obligatoire uagb-forms-input-label\" id=\"d2c68d4c\">E-mail<\/div><input type=\"email\" class=\"uagb-forms-email-input uagb-forms-input\" placeholder=\"example@mail.com\" required=\"\" name=\"d2c68d4c\"><\/div>\n\n\n\n<div class=\"wp-block-uagb-forms-checkbox uagb-forms-checkbox-wrap uagb-forms-field-set uagb-block-8e3439f6\"><div class=\"uagb-forms-checkbox-label uagb-forms-input-label\" id=\"8e3439f6\">My mode of participation<\/div><input type=\"checkbox\" class=\"uagb-forms-checkbox\" id=\"checkbox-je-veux-m'investir-dans-l'association-8e3439f6\" name=\"Mon mode de participation[]\" value=\"I want to get involved in the association\" oninvalid=\"this.setCustomValidity('Please check this box if you want to proceed.')\"><label for=\"checkbox-je-veux-m'investir-dans-l'association-8e3439f6\">I want to get involved in the association<\/label><br><input type=\"checkbox\" class=\"uagb-forms-checkbox\" id=\"checkbox-je-veux-vous-soutenir-financi\u00e8rement-8e3439f6\" name=\"Mon mode de participation[]\" value=\"I want to support you financially\" oninvalid=\"this.setCustomValidity('Please check this box if you want to proceed.')\"><label for=\"checkbox-je-veux-vous-soutenir-financi\u00e8rement-8e3439f6\">I want to support you financially<\/label><br><\/div>\n\n\n\n<div class=\"wp-block-uagb-forms-textarea uagb-forms-textarea-wrap uagb-forms-field-set uagb-block-50a3a646\"><div class=\"uagb-forms-textarea-label obligatoire uagb-forms-input-label\" id=\"50a3a646\">Message<\/div><textarea required=\"\" class=\"uagb-forms-textarea-input uagb-forms-input\" rows=\"4\" placeholder=\"Enter your message\" name=\"50a3a646\"><\/textarea><\/div>\n<div class=\"uagb-forms-form-hidden-data\"><input type=\"hidden\" id=\"g-recaptcha-response\" class=\"uagb-forms-recaptcha\"\/><input type=\"hidden\" class=\"uagb_forms_form_label\" value=\"Formulaire UAG\"\/><input type=\"hidden\" class=\"uagb_forms_form_id\" value=\"uagb-form-b22e1a94\"\/><\/div><div class=\"g-recaptcha uagb-forms-field-set\" data-sitekey=\"6Ld9B-sdAAAAADuaZFrtR15cti4_3K6JAnPRtLfS\"><\/div><div class=\"uagb-form-reacaptcha-error-b22e1a94\"><\/div><div class=\"uagb-forms-main-submit-button-wrap\"><button class=\"uagb-forms-main-submit-button\"><div class=\"uagb-forms-main-submit-button-text\">Submit<\/div><\/button><\/div><\/form><div class=\"uagb-forms-success-message-b22e1a94 uagb-forms-submit-message-hide\"><span>Le formulaire a bien \u00e9t\u00e9 envoy\u00e9\u00a0!<\/span><\/div><div class=\"uagb-forms-failed-message-b22e1a94 uagb-forms-submit-message-hide\"><span>Une erreur s\u2019est produite lors de l\u2019envoi du formulaire. Veuillez v\u00e9rifier \u00e0 nouveau tous les champs du formulaire.<\/span><\/div><\/div>\n","protected":false},"excerpt":{"rendered":"<p>Our association has the ultimate goal of &#8220;putting people on their feet&#8221;. This is why we prefer members who become invested in delivering our mission. However, if you are unable to devote time to our objective, your donations are welcome to enable us to finance our activities. Donations and contributions can be made by wire &hellip;<\/p>\n<p class=\"read-more\"> <a class=\"\" href=\"https:\/\/vigilance-citoyenne.lu\/en\/join-us\/\"> <span class=\"screen-reader-text\">Join us<\/span> Read More &raquo;<\/a><\/p>\n","protected":false},"author":2,"featured_media":0,"parent":0,"menu_order":0,"comment_status":"closed","ping_status":"closed","template":"","meta":{"_uag_custom_page_level_css":"","site-sidebar-layout":"default","site-content-layout":"default","ast-global-header-display":"","ast-banner-title-visibility":"","ast-main-header-display":"","ast-hfb-above-header-display":"","ast-hfb-below-header-display":"","ast-hfb-mobile-header-display":"","site-post-title":"","ast-breadcrumbs-content":"","ast-featured-img":"","footer-sml-layout":"","theme-transparent-header-meta":"","adv-header-id-meta":"","stick-header-meta":"","header-above-stick-meta":"","header-main-stick-meta":"","header-below-stick-meta":"","footnotes":""},"class_list":["post-600","page","type-page","status-publish","hentry"],"aioseo_notices":[],"uagb_featured_image_src":{"full":false,"thumbnail":false,"medium":false,"medium_large":false,"large":false,"xl":false,"xxl":false,"xxxl":false,"xxxxl":false,"xxxxxl":false,"1536x1536":false,"2048x2048":false,"mailpoet_newsletter_max":false},"uagb_author_info":{"display_name":"Noam Klein","author_link":"https:\/\/vigilance-citoyenne.lu\/en\/author\/noam\/"},"uagb_comment_info":0,"uagb_excerpt":"Our association has the ultimate goal of &#8220;putting people on their feet&#8221;. This is why we prefer members who become invested in delivering our mission. However, if you are unable to devote time to our objective, your donations are welcome to enable us to finance our activities. Donations and contributions can be made by wire&hellip;","_links":{"self":[{"href":"https:\/\/vigilance-citoyenne.lu\/en\/wp-json\/wp\/v2\/pages\/600","targetHints":{"allow":["GET"]}}],"collection":[{"href":"https:\/\/vigilance-citoyenne.lu\/en\/wp-json\/wp\/v2\/pages"}],"about":[{"href":"https:\/\/vigilance-citoyenne.lu\/en\/wp-json\/wp\/v2\/types\/page"}],"author":[{"embeddable":true,"href":"https:\/\/vigilance-citoyenne.lu\/en\/wp-json\/wp\/v2\/users\/2"}],"replies":[{"embeddable":true,"href":"https:\/\/vigilance-citoyenne.lu\/en\/wp-json\/wp\/v2\/comments?post=600"}],"version-history":[{"count":2,"href":"https:\/\/vigilance-citoyenne.lu\/en\/wp-json\/wp\/v2\/pages\/600\/revisions"}],"predecessor-version":[{"id":609,"href":"https:\/\/vigilance-citoyenne.lu\/en\/wp-json\/wp\/v2\/pages\/600\/revisions\/609"}],"wp:attachment":[{"href":"https:\/\/vigilance-citoyenne.lu\/en\/wp-json\/wp\/v2\/media?parent=600"}],"curies":[{"name":"wp","href":"https:\/\/api.w.org\/{rel}","templated":true}]}}